{"id":15,"date":"2024-08-06T05:28:31","date_gmt":"2024-08-06T05:28:31","guid":{"rendered":"http:\/\/kga.com.mx\/home\/?page_id=15"},"modified":"2025-05-14T01:36:59","modified_gmt":"2025-05-14T01:36:59","slug":"kga","status":"publish","type":"page","link":"https:\/\/kga.com.mx\/home\/","title":{"rendered":"KGA"},"content":{"rendered":"<section class=\"wpb-content-wrapper\"><p>[vc_row][vc_column]\n\t\t\t<!-- START Inicio REVOLUTION SLIDER 6.6.8 --><p class=\"rs-p-wp-fix\"><\/p>\n\t\t\t<rs-module-wrap id=\"rev_slider_1_1_wrapper\" data-source=\"gallery\" style=\"visibility:hidden;background:transparent;padding:0;margin:0px auto;margin-top:0;margin-bottom:0;\">\n\t\t\t\t<rs-module id=\"rev_slider_1_1\" style=\"\" data-version=\"6.6.8\">\n\t\t\t\t\t<rs-slides style=\"overflow: hidden; position: absolute;\">\n\t\t\t\t\t\t<rs-slide style=\"position: absolute;\" data-key=\"rs-1\" data-title=\"Slide\" data-thumb=\"\/\/kga.com.mx\/home\/wp-content\/uploads\/2024\/08\/kga-slider1-50x100.jpg\" data-anim=\"d:10;ms:500;f:slidebased;\" data-in=\"o:0;y:(-50%);sx:0.7;sy:0.7;m:true;e:power4.inOut;row:5;\" data-out=\"a:false;\">\n\t\t\t\t\t\t\t<img decoding=\"async\" src=\"\/\/kga.com.mx\/home\/wp-content\/plugins\/revslider\/public\/assets\/assets\/dummy.png\" alt=\"\" title=\"kga-slider1\" width=\"1920\" height=\"1081\" class=\"rev-slidebg tp-rs-img rs-lazyload\" data-lazyload=\"\/\/kga.com.mx\/home\/wp-content\/uploads\/2024\/08\/kga-slider1.jpg\" data-no-retina>\n<!---->\t\t\t\t\t\t<\/rs-slide>\n\t\t\t\t\t\t<rs-slide style=\"position: absolute;\" data-key=\"rs-3\" data-title=\"Slide\" data-thumb=\"\/\/kga.com.mx\/home\/wp-content\/uploads\/2024\/08\/kga-slider2-50x100.jpg\" data-anim=\"d:10;ms:500;f:slidebased;\" data-in=\"o:0;y:(-50%);sx:0.7;sy:0.7;m:true;e:power4.inOut;row:5;\" data-out=\"a:false;\">\n\t\t\t\t\t\t\t<img decoding=\"async\" src=\"\/\/kga.com.mx\/home\/wp-content\/plugins\/revslider\/public\/assets\/assets\/dummy.png\" alt=\"\" title=\"kga-slider2\" width=\"1920\" height=\"1082\" class=\"rev-slidebg tp-rs-img rs-lazyload\" data-lazyload=\"\/\/kga.com.mx\/home\/wp-content\/uploads\/2024\/08\/kga-slider2.jpg\" data-no-retina>\n<!---->\t\t\t\t\t\t<\/rs-slide>\n\t\t\t\t\t\t<rs-slide style=\"position: absolute;\" data-key=\"rs-4\" data-title=\"Slide\" data-thumb=\"\/\/kga.com.mx\/home\/wp-content\/uploads\/2024\/08\/kga-slider3-50x100.jpg\" data-anim=\"d:10;ms:500;f:slidebased;\" data-in=\"o:0;y:(-50%);sx:0.7;sy:0.7;m:true;e:power4.inOut;row:5;\" data-out=\"a:false;\">\n\t\t\t\t\t\t\t<img decoding=\"async\" src=\"\/\/kga.com.mx\/home\/wp-content\/plugins\/revslider\/public\/assets\/assets\/dummy.png\" alt=\"\" title=\"kga-slider3\" width=\"1920\" height=\"1080\" class=\"rev-slidebg tp-rs-img rs-lazyload\" data-lazyload=\"\/\/kga.com.mx\/home\/wp-content\/uploads\/2024\/08\/kga-slider3.jpg\" data-no-retina>\n<!---->\t\t\t\t\t\t<\/rs-slide>\n\t\t\t\t\t\t<rs-slide style=\"position: absolute;\" data-key=\"rs-5\" data-title=\"Slide\" data-thumb=\"\/\/kga.com.mx\/home\/wp-content\/uploads\/2024\/08\/kga-slider4-50x100.jpg\" data-anim=\"d:10;ms:500;f:slidebased;\" data-in=\"o:0;y:(-50%);sx:0.7;sy:0.7;m:true;e:power4.inOut;row:5;\" data-out=\"a:false;\">\n\t\t\t\t\t\t\t<img decoding=\"async\" src=\"\/\/kga.com.mx\/home\/wp-content\/plugins\/revslider\/public\/assets\/assets\/dummy.png\" alt=\"\" title=\"kga-slider4\" width=\"1920\" height=\"1080\" class=\"rev-slidebg tp-rs-img rs-lazyload\" data-lazyload=\"\/\/kga.com.mx\/home\/wp-content\/uploads\/2024\/08\/kga-slider4.jpg\" data-no-retina>\n<!---->\t\t\t\t\t\t<\/rs-slide>\n\t\t\t\t\t<\/rs-slides>\n\t\t\t\t<\/rs-module>\n\t\t\t\t<script>\n\t\t\t\t\tsetREVStartSize({c: 'rev_slider_1_1',rl:[1240,1024,778,480],el:[900],gw:[1240],gh:[900],type:'standard',justify:'',layout:'fullwidth',mh:\"0\"});if (window.RS_MODULES!==undefined && window.RS_MODULES.modules!==undefined && window.RS_MODULES.modules[\"revslider11\"]!==undefined) {window.RS_MODULES.modules[\"revslider11\"].once = false;window.revapi1 = undefined;if (window.RS_MODULES.checkMinimal!==undefined) window.RS_MODULES.checkMinimal()}\n\t\t\t\t<\/script>\n\t\t\t<\/rs-module-wrap>\n\t\t\t<!-- END REVOLUTION SLIDER -->\n[\/vc_column][\/vc_row][vc_section full_width=\u00bbstretch_row_content\u00bb css=\u00bb.vc_custom_1722923418345{margin-top: 80px !important;margin-right: 0px !important;margin-bottom: 80px !important;margin-left: 0px !important;border-right-width: 0px !important;border-left-width: 0px !important;}\u00bb][vc_row full_width=\u00bbstretch_row\u00bb][vc_column][vc_column_text]<\/p>\n<h2 style=\"text-align: center;\">SER AGENTE DE SEGUROS EN KGA<\/h2>\n<p>[\/vc_column_text][\/vc_column][\/vc_row][vc_row css=\u00bb.vc_custom_1722923522546{margin-top: 30px !important;margin-right: 0px !important;margin-left: 0px !important;padding-left: 0px !important;}\u00bb][vc_column width=\u00bb1\/2&#8243; css=\u00bb.vc_custom_1722923458792{margin-left: 0px !important;padding-right: 0px !important;padding-left: 0px !important;}\u00bb][vc_single_image image=\u00bb32&#8243; img_size=\u00bbfull\u00bb css=\u00bb.vc_custom_1722923453568{margin-left: 0px !important;padding-left: 0px !important;}\u00bb][\/vc_column][vc_column width=\u00bb1\/2&#8243; css=\u00bb.vc_custom_1722923692944{margin-top: 50px !important;}\u00bb][vc_column_text]<\/p>\n<p style=\"text-align: justify; font-size: 20px; text-transform: uppercase;\"><strong><span style=\"background: #e69c03;\">En KGA, entendemos que ofrecer un servicio no es suficiente. Nuestra mentalidad se centra en CREAR SOLUCIONES Y hacer negocios que generen impacto.<\/span><\/strong> EN POCO TIEMPO TE DAR\u00c1S CUENTA CON EJEMPLOS TANGIBLES c\u00f3mo llevamos la gesti\u00f3n de seguros a un nivel superior.<\/p>\n<p>[\/vc_column_text][\/vc_column][\/vc_row][\/vc_section][vc_section full_width=\u00bbstretch_row\u00bb css=\u00bb.vc_custom_1722923965334{margin-right: 0px !important;margin-left: 0px !important;padding-top: 90px !important;padding-bottom: 90px !important;background-image: url(https:\/\/kga.com.mx\/home\/wp-content\/uploads\/2024\/08\/kga-bg.jpg?id=42) !important;background-position: center !important;background-repeat: no-repeat !important;background-size: cover !important;}\u00bb][vc_row][vc_column][vc_column_text css=\u00bb.vc_custom_1722923989669{margin-bottom: 50px !important;}\u00bb]<\/p>\n<h2 style=\"text-align: center; color: #ffffff;\">KINDER GARDEN Y ASOCIADOS<\/h2>\n<p>[\/vc_column_text][vc_column_text css=\u00bb.vc_custom_1722923994941{margin-bottom: 50px !important;}\u00bb]<\/p>\n<p style=\"text-align: center; color: #fff;\">EL KINDER ES UN LUGAR LLENO DE ALEGR\u00cdA GRACIAS A LO AUT\u00c9NTICOS QUE SON LOS NI\u00d1OS. EN KGA LE RECORDAMOS A ESOS NI\u00d1OS, QUE PUEDEN TENER \u00c9XITO EN LA CARRERA SIENDO QUIENES SON.<\/p>\n<p>[\/vc_column_text]<div class=\" ubtn-ctn-center \"><button type=\"button\" id=\"ubtn-4366\"  class=\"ubtn ult-adjust-bottom-margin ult-responsive ubtn-large ubtn-no-hover-bg  none  ubtn-center   tooltip-69e4a07259183\"  data-hover=\"\" data-border-color=\"\" data-bg=\"#e09701\" data-hover-bg=\"\" data-border-hover=\"\" data-shadow-hover=\"\" data-shadow-click=\"none\" data-shadow=\"\" data-shd-shadow=\"\"  data-ultimate-target='#ubtn-4366'  data-responsive-json-new='{\"font-size\":\"desktop:24px;\",\"line-height\":\"\"}'  style=\"font-weight:bold;border:none;background: #e09701;color: #ffffff;\"><span class=\"ubtn-hover\" style=\"background-color:\"><\/span><span class=\"ubtn-data ubtn-text \" >CONT\u00c1CTANOS, HAZ BUSINESS CON EL KINDER<\/span><\/button><\/div>[\/vc_column][\/vc_row][\/vc_section][vc_section full_width=\u00bbstretch_row\u00bb css=\u00bb.vc_custom_1747185648710{margin-right: 0px !important;margin-left: 0px !important;padding-top: 90px !important;background-image: url(https:\/\/kga.com.mx\/home\/wp-content\/uploads\/2025\/05\/Kga-web-bg.png?id=241) !important;background-position: center !important;background-repeat: no-repeat !important;background-size: cover !important;}\u00bb][vc_row full_width=\u00bbstretch_row_content_no_spaces\u00bb css=\u00bb.vc_custom_1747186313874{margin-right: 0px !important;margin-bottom: 0px !important;padding-right: 0px !important;padding-bottom: 0px !important;}\u00bb][vc_column width=\u00bb2\/3&#8243; css=\u00bb.vc_custom_1747186486726{margin-top: 50px !important;margin-left: 130px !important;}\u00bb offset=\u00bbvc_hidden-md vc_hidden-sm vc_hidden-xs\u00bb][vc_column_text css=\u00bb.vc_custom_1747186447873{margin-bottom: 50px !important;}\u00bb]<\/p>\n<h2 style=\"color: #000000; text-align: left;\">Del presidente y fundador, Roberto Karam<\/h2>\n<p>[\/vc_column_text][vc_column_text css=\u00bb.vc_custom_1747186453818{margin-bottom: 140px !important;}\u00bb]<\/p>\n<p style=\"color: #ffffff; line-height: 38px; text-align: left;\"><strong>Fundador y presidente de KGA, <\/strong>promotora l\u00edder en seguros.<br \/>\nM\u00e1s de <strong>13 a\u00f1os de experiencia<\/strong> en ventas, liderazgo y desarrollo de agentes.<br \/>\nReconocido nacionalmente<strong> 8 veces<\/strong> como <strong>mejor promotor en reclutamiento.<\/strong><br \/>\nMiembro de la Mesa del Mill\u00f3n de D\u00f3lares (MDRT) y <strong>ganador del Top of the Table.<\/strong><br \/>\nConferencista invitado en eventos internacionales como LAMP.<br \/>\nTriatleta, esposo y padre, cree en el equilibrio entre negocio, familia y bienestar.<br \/>\nPromueve una cultura de crecimiento con la filosof\u00eda: <strong>\u201cIgual te van a criticar, t\u00fa hazlo\u201d.<\/strong><\/p>\n<p>[\/vc_column_text][\/vc_column][vc_column width=\u00bb1\/3&#8243; css=\u00bb.vc_custom_1747186497959{margin-right: 0px !important;padding-right: 0px !important;background-position: 0 0 !important;background-repeat: no-repeat !important;}\u00bb offset=\u00bbvc_hidden-md vc_hidden-sm vc_hidden-xs\u00bb][vc_single_image image=\u00bb251&#8243; img_size=\u00bbfull\u00bb alignment=\u00bbright\u00bb css=\u00bb.vc_custom_1747186342081{margin-right: 0px !important;padding-right: 0px !important;}\u00bb][\/vc_column][\/vc_row][vc_row full_width=\u00bbstretch_row_content_no_spaces\u00bb css=\u00bb.vc_custom_1747186313874{margin-right: 0px !important;margin-bottom: 0px !important;padding-right: 0px !important;padding-bottom: 0px !important;}\u00bb][vc_column width=\u00bb2\/3&#8243; css=\u00bb.vc_custom_1747186505655{margin-top: 50px !important;}\u00bb offset=\u00bbvc_hidden-lg\u00bb][vc_column_text css=\u00bb.vc_custom_1747186447873{margin-bottom: 50px !important;}\u00bb]<\/p>\n<h2 style=\"color: #000000; text-align: left;\">Del presidente y fundador, Roberto Karam<\/h2>\n<p>[\/vc_column_text][vc_column_text css=\u00bb.vc_custom_1747186453818{margin-bottom: 140px !important;}\u00bb]<\/p>\n<p style=\"color: #ffffff; line-height: 38px; text-align: left;\"><strong>Fundador y presidente de KGA, <\/strong>promotora l\u00edder en seguros.<br \/>\nM\u00e1s de <strong>13 a\u00f1os de experiencia<\/strong> en ventas, liderazgo y desarrollo de agentes.<br \/>\nReconocido nacionalmente<strong> 8 veces<\/strong> como <strong>mejor promotor en reclutamiento.<\/strong><br \/>\nMiembro de la Mesa del Mill\u00f3n de D\u00f3lares (MDRT) y <strong>ganador del Top of the Table.<\/strong><br \/>\nConferencista invitado en eventos internacionales como LAMP.<br \/>\nTriatleta, esposo y padre, cree en el equilibrio entre negocio, familia y bienestar.<br \/>\nPromueve una cultura de crecimiento con la filosof\u00eda: <strong>\u201cIgual te van a criticar, t\u00fa hazlo\u201d.<\/strong><\/p>\n<p>[\/vc_column_text][\/vc_column][vc_column width=\u00bb1\/3&#8243; css=\u00bb.vc_custom_1747186513361{margin-right: 0px !important;padding-right: 0px !important;background-position: 0 0 !important;background-repeat: no-repeat !important;}\u00bb offset=\u00bbvc_hidden-lg\u00bb][vc_single_image image=\u00bb251&#8243; img_size=\u00bbfull\u00bb alignment=\u00bbright\u00bb css=\u00bb.vc_custom_1747186617213{margin-right: 0px !important;padding-right: 0px !important;}\u00bb el_class=\u00bbfoto-home\u00bb][\/vc_column][\/vc_row][\/vc_section][vc_section css=\u00bb.vc_custom_1722924410381{margin-top: 80px !important;margin-bottom: 80px !important;}\u00bb][vc_row][vc_column width=\u00bb1\/2&#8243;][vc_single_image image=\u00bb53&#8243; img_size=\u00bb120px\u00bb alignment=\u00bbcenter\u00bb][vc_column_text css=\u00bb.vc_custom_1722924445913{margin-top: 30px !important;}\u00bb]<\/p>\n<h2 style=\"text-align: center;\">MISI\u00d3N<\/h2>\n<p>[\/vc_column_text][vc_column_text css=\u00bb.vc_custom_1747130743861{margin-top: 30px !important;}\u00bb]<\/p>\n<p style=\"text-align: justify; font-size: 16px; text-transform: uppercase; width: 70%; margin: 0 auto;\">Desarrollar l\u00edderes en seguros a trav\u00e9s de una promotor\u00eda que combina estrategia, creatividad y visi\u00f3n empresarial, formando agentes independientes que act\u00faan como socios en la intermendiaci\u00f3n. En KGA vendemos, lideramos y transformamos con ejemplo, originalidad y disciplina<\/p>\n<p>[\/vc_column_text][\/vc_column][vc_column width=\u00bb1\/2&#8243;][vc_single_image image=\u00bb52&#8243; img_size=\u00bb120px\u00bb alignment=\u00bbcenter\u00bb][vc_column_text css=\u00bb.vc_custom_1722924585829{margin-top: 30px !important;}\u00bb]<\/p>\n<h2 style=\"text-align: center;\">VISI\u00d3N<\/h2>\n<p>[\/vc_column_text][vc_column_text css=\u00bb.vc_custom_1747130758029{margin-top: 30px !important;}\u00bb]<\/p>\n<p style=\"text-align: justify; font-size: 16px; text-transform: uppercase; width: 70%; margin: 0 auto;\">Ser la promotor\u00eda de seguros m\u00e1s rentable de M\u00e9xico, impulsando un modelo basado en la independencia de nuestros agentes, la formaci\u00f3n de l\u00edderes y una cultura de trabajo creativa, ocurrente y disruptiva que contrasta con lo que com\u00fanmente se percibe en el sector asegurador.<\/p>\n<p>[\/vc_column_text][\/vc_column][\/vc_row][\/vc_section][vc_section full_width=\u00bbstretch_row\u00bb css=\u00bb.vc_custom_1722924678375{margin-right: 0px !important;margin-left: 0px !important;padding-top: 90px !important;padding-bottom: 90px !important;background-image: url(https:\/\/kga.com.mx\/home\/wp-content\/uploads\/2024\/08\/kga-cinta.png?id=59) !important;background-position: center !important;background-repeat: no-repeat !important;background-size: cover !important;}\u00bb][\/vc_section][vc_section css=\u00bb.vc_custom_1722924882644{margin-top: 0px !important;margin-bottom: 0px !important;}\u00bb][vc_row][vc_column width=\u00bb1\/2&#8243; css=\u00bb.vc_custom_1722924871217{padding-top: 200px !important;padding-bottom: 200px !important;background-image: url(https:\/\/kga.com.mx\/home\/wp-content\/uploads\/2024\/08\/orange2.png?id=61) !important;background-position: center !important;background-repeat: no-repeat !important;background-size: cover !important;}\u00bb][vc_column_text css=\u00bb.vc_custom_1722924756487{margin-top: 30px !important;}\u00bb]<\/p>\n<h2 style=\"text-align: center;\">OFERTA GENERAL<\/h2>\n<p>[\/vc_column_text][\/vc_column][vc_column width=\u00bb1\/2&#8243;][vc_column_text css=\u00bb.vc_custom_1722924910140{margin-top: 70px !important;}\u00bb]<\/p>\n<ul>\n<li>Emolumentos.<\/li>\n<li>Paga bonos a tu equipo y no impuestos.<\/li>\n<li>Seguros como prestaciones de ley.<\/li>\n<li>Seguros deducibles enfocados al retiro.<\/li>\n<li>Seguros de persona clave.<\/li>\n<li>Seguros GMM como prestaci\u00f3n.<\/li>\n<\/ul>\n<p>[\/vc_column_text][\/vc_column][\/vc_row][vc_row][vc_column]<div class=\" ubtn-ctn-center \"><a class=\"ubtn-link ult-adjust-bottom-margin ubtn-center ubtn-large \" href=\"https:\/\/wa.link\/8td548\" target=\"_blank\" rel=\"noopener\" ><button type=\"button\" id=\"ubtn-7411\"  class=\"ubtn ult-adjust-bottom-margin ult-responsive ubtn-large ubtn-no-hover-bg  none  ubtn-center   tooltip-69e4a072591d5\"  data-hover=\"\" data-border-color=\"\" data-bg=\"#000000\" data-hover-bg=\"\" data-border-hover=\"\" data-shadow-hover=\"\" data-shadow-click=\"none\" data-shadow=\"\" data-shd-shadow=\"\"  data-ultimate-target='#ubtn-7411'  data-responsive-json-new='{\"font-size\":\"desktop:24px;\",\"line-height\":\"\"}'  style=\"font-weight:bold;border:none;background: #000000;color: #ffffff;\"><span class=\"ubtn-hover\" style=\"background-color:\"><\/span><span class=\"ubtn-data ubtn-text \" >QUIERO QUE ME CONTACTEN, QUIERO MI PLAN PARA MI<\/span><\/button><\/a><\/div>[\/vc_column][\/vc_row][vc_row css=\u00bb.vc_custom_1747185340544{padding-top: 50px !important;padding-bottom: 50px !important;}\u00bb][vc_column width=\u00bb1\/2&#8243;][vc_column_text css=\u00bb.vc_custom_1747184333479{margin-top: 30px !important;}\u00bb]<\/p>\n<h4 style=\"text-align: center;\">SUMA ASEGURADA TOTAL<br \/>\nAL D\u00cdA DE HOY<\/h4>\n<p>[\/vc_column_text]<div class=\"stats-block stats-top  \"><div class=\"aio-icon-top\"><div class=\"ult-just-icon-wrapper  \"><div class=\"align-icon\" style=\"text-align:center;\">\n<div class=\"aio-icon-img \" style=\"font-size:120px;display:inline-block;\" data-animation=\"rollIn\" data-animation-delay=\"03\">\n\t<img decoding=\"async\" class=\"img-icon\" alt=\"\" src=\"https:\/\/kga.com.mx\/home\/wp-content\/uploads\/2025\/05\/Kga-web-icono.png\"\/>\n<\/div><\/div><\/div><\/div><div class=\"stats-desc\" id=\"counter-responsv-wrap-4023\"><div id=\"counter_62366586969e4a07259426\" data-id=\"counter_62366586969e4a07259426\"  data-ultimate-target='#counter-responsv-wrap-4023 .stats-number'  data-responsive-json-new='{\"font-size\":\"\",\"line-height\":\"\"}'  class=\"stats-number ult-responsive\" style=\"font-size:28px;  \" data-speed=\"3\" data-counter-value=\"1000000000000\" data-separator=\",\" data-decimal=\".\">0<\/div><div id=\"counter_62366586969e4a07259426\"  data-ultimate-target='#counter-responsv-wrap-4023 .stats-text'  data-responsive-json-new='{\"font-size\":\"\",\"line-height\":\"\"}'  class=\"stats-text ult-responsive\" style=\"font-size:18px;  font-weight:bold;\"><\/div><\/div><\/div>[\/vc_column][vc_column width=\u00bb1\/2&#8243;][vc_column_text css=\u00bb.vc_custom_1747185309594{margin-top: 30px !important;}\u00bb]<\/p>\n<h4 style=\"text-align: center;\">CLIENTES<br \/>\nASEGURADOS<\/h4>\n<p>[\/vc_column_text]<div class=\"stats-block stats-top  \"><div class=\"aio-icon-top\"><div class=\"ult-just-icon-wrapper  \"><div class=\"align-icon\" style=\"text-align:center;\">\n<div class=\"aio-icon-img \" style=\"font-size:120px;display:inline-block;\" data-animation=\"rollIn\" data-animation-delay=\"03\">\n\t<img decoding=\"async\" class=\"img-icon\" alt=\"\" src=\"https:\/\/kga.com.mx\/home\/wp-content\/uploads\/2025\/05\/Kga-web-icono2.png\"\/>\n<\/div><\/div><\/div><\/div><div class=\"stats-desc\" id=\"counter-responsv-wrap-9303\"><div id=\"counter_267639073669e4a072595c9\" data-id=\"counter_267639073669e4a072595c9\"  data-ultimate-target='#counter-responsv-wrap-9303 .stats-number'  data-responsive-json-new='{\"font-size\":\"\",\"line-height\":\"\"}'  class=\"stats-number ult-responsive\" style=\"font-size:28px;  \" data-speed=\"3\" data-counter-value=\"4765\" data-separator=\",\" data-decimal=\".\">0<\/div><div id=\"counter_267639073669e4a072595c9\"  data-ultimate-target='#counter-responsv-wrap-9303 .stats-text'  data-responsive-json-new='{\"font-size\":\"\",\"line-height\":\"\"}'  class=\"stats-text ult-responsive\" style=\"font-size:18px;  \"><\/div><\/div><\/div>[\/vc_column][\/vc_row][\/vc_section]<\/p>\n<\/section>","protected":false},"excerpt":{"rendered":"<p>[vc_row][vc_column][\/vc_column][\/vc_row][vc_section full_width=\u00bbstretch_row_content\u00bb css=\u00bb.vc_custom_1722923418345{margin-top: 80px !important;margin-right: 0px !important;margin-bottom: 80px !important;margin-left: 0px !important;border-right-width: 0px !important;border-left-width: 0px !important;}\u00bb][vc_row full_width=\u00bbstretch_row\u00bb][vc_column][vc_column_text] SER AGENTE DE SEGUROS EN KGA [\/vc_column_text][\/vc_column][\/vc_row][vc_row css=\u00bb.vc_custom_1722923522546{margin-top: 30px !important;margin-right: 0px !important;margin-left: 0px !important;padding-left: 0px !important;}\u00bb][vc_column width=\u00bb1\/2&#8243; css=\u00bb.vc_custom_1722923458792{margin-left: 0px !important;padding-right: 0px !important;padding-left: 0px !important;}\u00bb][vc_single_image image=\u00bb32&#8243; img_size=\u00bbfull\u00bb css=\u00bb.vc_custom_1722923453568{margin-left: 0px !important;padding-left: 0px !important;}\u00bb][\/vc_column][vc_column width=\u00bb1\/2&#8243; css=\u00bb.vc_custom_1722923692944{margin-top: 50px !important;}\u00bb][vc_column_text] En KGA, entendemos que [&hellip;]<\/p>\n","protected":false},"author":1,"featured_media":0,"parent":0,"menu_order":0,"comment_status":"closed","ping_status":"closed","template":"page.php","meta":{"footnotes":""},"class_list":["post-15","page","type-page","status-publish","hentry"],"_links":{"self":[{"href":"https:\/\/kga.com.mx\/home\/wp-json\/wp\/v2\/pages\/15","targetHints":{"allow":["GET"]}}],"collection":[{"href":"https:\/\/kga.com.mx\/home\/wp-json\/wp\/v2\/pages"}],"about":[{"href":"https:\/\/kga.com.mx\/home\/wp-json\/wp\/v2\/types\/page"}],"author":[{"embeddable":true,"href":"https:\/\/kga.com.mx\/home\/wp-json\/wp\/v2\/users\/1"}],"replies":[{"embeddable":true,"href":"https:\/\/kga.com.mx\/home\/wp-json\/wp\/v2\/comments?post=15"}],"version-history":[{"count":78,"href":"https:\/\/kga.com.mx\/home\/wp-json\/wp\/v2\/pages\/15\/revisions"}],"predecessor-version":[{"id":262,"href":"https:\/\/kga.com.mx\/home\/wp-json\/wp\/v2\/pages\/15\/revisions\/262"}],"wp:attachment":[{"href":"https:\/\/kga.com.mx\/home\/wp-json\/wp\/v2\/media?parent=15"}],"curies":[{"name":"wp","href":"https:\/\/api.w.org\/{rel}","templated":true}]}}